{"id":3759,"date":"2024-11-11T15:26:40","date_gmt":"2024-11-11T12:26:40","guid":{"rendered":"https:\/\/www.pay.zarensoft.com\/?post_type=product&#038;p=3759"},"modified":"2024-11-11T15:27:25","modified_gmt":"2024-11-11T12:27:25","slug":"dental-treatment-deposit-payment-14","status":"publish","type":"product","link":"http:\/\/www.pay.zarensoft.com\/es\/producto\/dental-treatment-deposit-payment-14\/","title":{"rendered":"Pago del dep\u00f3sito para tratamiento dental"},"content":{"rendered":"<p>En Cl\u00ednica Zaren, nos esforzamos por establecer una comunicaci\u00f3n ling\u00fc\u00edstica y cultural con los m\u00e9dicos y todo el resto del personal m\u00e9dico, para garantizar un intercambio bidireccional de informaci\u00f3n entre los pacientes y el personal m\u00e9dico.<\/p>","protected":false},"excerpt":{"rendered":"<p>En Cl\u00ednica Zaren, nos esforzamos por establecer una comunicaci\u00f3n ling\u00fc\u00edstica y cultural con los m\u00e9dicos y todo el resto del personal m\u00e9dico, para garantizar un intercambio bidireccional de informaci\u00f3n entre los pacientes y el personal m\u00e9dico.<\/p>","protected":false},"featured_media":223,"template":"","meta":[],"product_brand":[],"product_cat":[29],"product_tag":[],"class_list":{"0":"post-3759","1":"product","2":"type-product","3":"status-publish","4":"has-post-thumbnail","6":"product_cat-zaren-clinic","8":"first","9":"instock","10":"shipping-taxable","11":"purchasable","12":"product-type-variable"},"yoast_head":"<!-- This site is optimized with the Yoast SEO plugin v27.5 - https:\/\/yoast.com\/product\/yoast-seo-wordpress\/ -->\n<title>Dental Treatment Deposit Payment - Payment - Payment Deposit System<\/title>\n<meta name=\"robots\" content=\"index, follow, max-snippet:-1, max-image-preview:large, max-video-preview:-1\" \/>\n<link rel=\"canonical\" href=\"http:\/\/www.pay.zarensoft.com\/es\/producto\/dental-treatment-deposit-payment-14\/\" \/>\n<meta property=\"og:locale\" content=\"es_ES\" \/>\n<meta property=\"og:type\" content=\"article\" \/>\n<meta property=\"og:title\" content=\"Dental Treatment Deposit Payment - Payment - Payment Deposit System\" \/>\n<meta property=\"og:description\" content=\"At Zaren Clinic, we strive to establish linguistic and cultural communication with doctors and all other medical staff, to ensure a two-way exchange of information between patients and medical staff.\" \/>\n<meta property=\"og:url\" content=\"http:\/\/www.pay.zarensoft.com\/es\/producto\/dental-treatment-deposit-payment-14\/\" \/>\n<meta property=\"og:site_name\" content=\"Payment - Payment Deposit System\" \/>\n<meta property=\"article:modified_time\" content=\"2024-11-11T12:27:25+00:00\" \/>\n<meta property=\"og:image\" content=\"http:\/\/www.pay.zarensoft.com\/wp-content\/uploads\/2024\/11\/dis-1.jpg\" \/>\n\t<meta property=\"og:image:width\" content=\"700\" \/>\n\t<meta property=\"og:image:height\" content=\"400\" \/>\n\t<meta property=\"og:image:type\" content=\"image\/jpeg\" \/>\n<meta name=\"twitter:card\" content=\"summary_large_image\" \/>\n<meta name=\"twitter:label1\" content=\"Tiempo de lectura\" \/>\n\t<meta name=\"twitter:data1\" content=\"1 minuto\" \/>\n<script type=\"application\/ld+json\" class=\"yoast-schema-graph\">{\"@context\":\"https:\\\/\\\/schema.org\",\"@graph\":[{\"@type\":\"WebPage\",\"@id\":\"http:\\\/\\\/www.pay.zarensoft.com\\\/product\\\/dental-treatment-deposit-payment-14\\\/\",\"url\":\"http:\\\/\\\/www.pay.zarensoft.com\\\/product\\\/dental-treatment-deposit-payment-14\\\/\",\"name\":\"Dental Treatment Deposit Payment - Payment - Payment Deposit System\",\"isPartOf\":{\"@id\":\"http:\\\/\\\/www.pay.zarensoft.com\\\/#website\"},\"primaryImageOfPage\":{\"@id\":\"http:\\\/\\\/www.pay.zarensoft.com\\\/product\\\/dental-treatment-deposit-payment-14\\\/#primaryimage\"},\"image\":{\"@id\":\"http:\\\/\\\/www.pay.zarensoft.com\\\/product\\\/dental-treatment-deposit-payment-14\\\/#primaryimage\"},\"thumbnailUrl\":\"http:\\\/\\\/www.pay.zarensoft.com\\\/wp-content\\\/uploads\\\/2024\\\/11\\\/dis-1.jpg\",\"datePublished\":\"2024-11-11T12:26:40+00:00\",\"dateModified\":\"2024-11-11T12:27:25+00:00\",\"breadcrumb\":{\"@id\":\"http:\\\/\\\/www.pay.zarensoft.com\\\/product\\\/dental-treatment-deposit-payment-14\\\/#breadcrumb\"},\"inLanguage\":\"es\",\"potentialAction\":[{\"@type\":\"ReadAction\",\"target\":[\"http:\\\/\\\/www.pay.zarensoft.com\\\/product\\\/dental-treatment-deposit-payment-14\\\/\"]}]},{\"@type\":\"ImageObject\",\"inLanguage\":\"es\",\"@id\":\"http:\\\/\\\/www.pay.zarensoft.com\\\/product\\\/dental-treatment-deposit-payment-14\\\/#primaryimage\",\"url\":\"http:\\\/\\\/www.pay.zarensoft.com\\\/wp-content\\\/uploads\\\/2024\\\/11\\\/dis-1.jpg\",\"contentUrl\":\"http:\\\/\\\/www.pay.zarensoft.com\\\/wp-content\\\/uploads\\\/2024\\\/11\\\/dis-1.jpg\",\"width\":700,\"height\":400},{\"@type\":\"BreadcrumbList\",\"@id\":\"http:\\\/\\\/www.pay.zarensoft.com\\\/product\\\/dental-treatment-deposit-payment-14\\\/#breadcrumb\",\"itemListElement\":[{\"@type\":\"ListItem\",\"position\":1,\"name\":\"Anasayfa\",\"item\":\"http:\\\/\\\/www.pay.zarensoft.com\\\/\"},{\"@type\":\"ListItem\",\"position\":2,\"name\":\"Shop\",\"item\":\"https:\\\/\\\/www.pay.zarensoft.com\\\/it\\\/shop\\\/\"},{\"@type\":\"ListItem\",\"position\":3,\"name\":\"Dental Treatment Deposit Payment\"}]},{\"@type\":\"WebSite\",\"@id\":\"http:\\\/\\\/www.pay.zarensoft.com\\\/#website\",\"url\":\"http:\\\/\\\/www.pay.zarensoft.com\\\/\",\"name\":\"Payment - Payment Deposit System\",\"description\":\"Zaren Clinic\",\"publisher\":{\"@id\":\"http:\\\/\\\/www.pay.zarensoft.com\\\/#organization\"},\"potentialAction\":[{\"@type\":\"SearchAction\",\"target\":{\"@type\":\"EntryPoint\",\"urlTemplate\":\"http:\\\/\\\/www.pay.zarensoft.com\\\/?s={search_term_string}\"},\"query-input\":{\"@type\":\"PropertyValueSpecification\",\"valueRequired\":true,\"valueName\":\"search_term_string\"}}],\"inLanguage\":\"es\"},{\"@type\":\"Organization\",\"@id\":\"http:\\\/\\\/www.pay.zarensoft.com\\\/#organization\",\"name\":\"Payment - Payment Deposit System\",\"url\":\"http:\\\/\\\/www.pay.zarensoft.com\\\/\",\"logo\":{\"@type\":\"ImageObject\",\"inLanguage\":\"es\",\"@id\":\"http:\\\/\\\/www.pay.zarensoft.com\\\/#\\\/schema\\\/logo\\\/image\\\/\",\"url\":\"http:\\\/\\\/www.pay.zarensoft.com\\\/wp-content\\\/uploads\\\/2024\\\/11\\\/zaren-white-logo.webp\",\"contentUrl\":\"http:\\\/\\\/www.pay.zarensoft.com\\\/wp-content\\\/uploads\\\/2024\\\/11\\\/zaren-white-logo.webp\",\"width\":250,\"height\":35,\"caption\":\"Payment - Payment Deposit System\"},\"image\":{\"@id\":\"http:\\\/\\\/www.pay.zarensoft.com\\\/#\\\/schema\\\/logo\\\/image\\\/\"}}]}<\/script>\n<!-- \/ Yoast SEO plugin. -->","yoast_head_json":{"title":"Dental Treatment Deposit Payment - Payment - Payment Deposit System","robots":{"index":"index","follow":"follow","max-snippet":"max-snippet:-1","max-image-preview":"max-image-preview:large","max-video-preview":"max-video-preview:-1"},"canonical":"http:\/\/www.pay.zarensoft.com\/es\/producto\/dental-treatment-deposit-payment-14\/","og_locale":"es_ES","og_type":"article","og_title":"Dental Treatment Deposit Payment - Payment - Payment Deposit System","og_description":"At Zaren Clinic, we strive to establish linguistic and cultural communication with doctors and all other medical staff, to ensure a two-way exchange of information between patients and medical staff.","og_url":"http:\/\/www.pay.zarensoft.com\/es\/producto\/dental-treatment-deposit-payment-14\/","og_site_name":"Payment - Payment Deposit System","article_modified_time":"2024-11-11T12:27:25+00:00","og_image":[{"width":700,"height":400,"url":"http:\/\/www.pay.zarensoft.com\/wp-content\/uploads\/2024\/11\/dis-1.jpg","type":"image\/jpeg"}],"twitter_card":"summary_large_image","twitter_misc":{"Tiempo de lectura":"1 minuto"},"schema":{"@context":"https:\/\/schema.org","@graph":[{"@type":"WebPage","@id":"http:\/\/www.pay.zarensoft.com\/product\/dental-treatment-deposit-payment-14\/","url":"http:\/\/www.pay.zarensoft.com\/product\/dental-treatment-deposit-payment-14\/","name":"Dental Treatment Deposit Payment - Payment - Payment Deposit System","isPartOf":{"@id":"http:\/\/www.pay.zarensoft.com\/#website"},"primaryImageOfPage":{"@id":"http:\/\/www.pay.zarensoft.com\/product\/dental-treatment-deposit-payment-14\/#primaryimage"},"image":{"@id":"http:\/\/www.pay.zarensoft.com\/product\/dental-treatment-deposit-payment-14\/#primaryimage"},"thumbnailUrl":"http:\/\/www.pay.zarensoft.com\/wp-content\/uploads\/2024\/11\/dis-1.jpg","datePublished":"2024-11-11T12:26:40+00:00","dateModified":"2024-11-11T12:27:25+00:00","breadcrumb":{"@id":"http:\/\/www.pay.zarensoft.com\/product\/dental-treatment-deposit-payment-14\/#breadcrumb"},"inLanguage":"es","potentialAction":[{"@type":"ReadAction","target":["http:\/\/www.pay.zarensoft.com\/product\/dental-treatment-deposit-payment-14\/"]}]},{"@type":"ImageObject","inLanguage":"es","@id":"http:\/\/www.pay.zarensoft.com\/product\/dental-treatment-deposit-payment-14\/#primaryimage","url":"http:\/\/www.pay.zarensoft.com\/wp-content\/uploads\/2024\/11\/dis-1.jpg","contentUrl":"http:\/\/www.pay.zarensoft.com\/wp-content\/uploads\/2024\/11\/dis-1.jpg","width":700,"height":400},{"@type":"BreadcrumbList","@id":"http:\/\/www.pay.zarensoft.com\/product\/dental-treatment-deposit-payment-14\/#breadcrumb","itemListElement":[{"@type":"ListItem","position":1,"name":"Anasayfa","item":"http:\/\/www.pay.zarensoft.com\/"},{"@type":"ListItem","position":2,"name":"Shop","item":"https:\/\/www.pay.zarensoft.com\/it\/shop\/"},{"@type":"ListItem","position":3,"name":"Dental Treatment Deposit Payment"}]},{"@type":"WebSite","@id":"http:\/\/www.pay.zarensoft.com\/#website","url":"http:\/\/www.pay.zarensoft.com\/","name":"Payment - Payment Deposit System","description":"Cl\u00ednica Zaren","publisher":{"@id":"http:\/\/www.pay.zarensoft.com\/#organization"},"potentialAction":[{"@type":"SearchAction","target":{"@type":"EntryPoint","urlTemplate":"http:\/\/www.pay.zarensoft.com\/?s={search_term_string}"},"query-input":{"@type":"PropertyValueSpecification","valueRequired":true,"valueName":"search_term_string"}}],"inLanguage":"es"},{"@type":"Organization","@id":"http:\/\/www.pay.zarensoft.com\/#organization","name":"Payment - Payment Deposit System","url":"http:\/\/www.pay.zarensoft.com\/","logo":{"@type":"ImageObject","inLanguage":"es","@id":"http:\/\/www.pay.zarensoft.com\/#\/schema\/logo\/image\/","url":"http:\/\/www.pay.zarensoft.com\/wp-content\/uploads\/2024\/11\/zaren-white-logo.webp","contentUrl":"http:\/\/www.pay.zarensoft.com\/wp-content\/uploads\/2024\/11\/zaren-white-logo.webp","width":250,"height":35,"caption":"Payment - Payment Deposit System"},"image":{"@id":"http:\/\/www.pay.zarensoft.com\/#\/schema\/logo\/image\/"}}]}},"_links":{"self":[{"href":"http:\/\/www.pay.zarensoft.com\/es\/wp-json\/wp\/v2\/product\/3759","targetHints":{"allow":["GET"]}}],"collection":[{"href":"http:\/\/www.pay.zarensoft.com\/es\/wp-json\/wp\/v2\/product"}],"about":[{"href":"http:\/\/www.pay.zarensoft.com\/es\/wp-json\/wp\/v2\/types\/product"}],"wp:featuredmedia":[{"embeddable":true,"href":"http:\/\/www.pay.zarensoft.com\/es\/wp-json\/wp\/v2\/media\/223"}],"wp:attachment":[{"href":"http:\/\/www.pay.zarensoft.com\/es\/wp-json\/wp\/v2\/media?parent=3759"}],"wp:term":[{"taxonomy":"product_brand","embeddable":true,"href":"http:\/\/www.pay.zarensoft.com\/es\/wp-json\/wp\/v2\/product_brand?post=3759"},{"taxonomy":"product_cat","embeddable":true,"href":"http:\/\/www.pay.zarensoft.com\/es\/wp-json\/wp\/v2\/product_cat?post=3759"},{"taxonomy":"product_tag","embeddable":true,"href":"http:\/\/www.pay.zarensoft.com\/es\/wp-json\/wp\/v2\/product_tag?post=3759"}],"curies":[{"name":"wp","href":"https:\/\/api.w.org\/{rel}","templated":true}]}}