{"id":1900,"date":"2024-11-11T15:32:13","date_gmt":"2024-11-11T12:32:13","guid":{"rendered":"https:\/\/www.pay.zarensoft.com\/?post_type=product&#038;p=1900"},"modified":"2024-11-11T15:32:13","modified_gmt":"2024-11-11T12:32:13","slug":"obesity-surgery-deposit-payment-41","status":"publish","type":"product","link":"http:\/\/www.pay.zarensoft.com\/fr\/produit\/obesity-surgery-deposit-payment-41\/","title":{"rendered":"Paiement de l&#039;acompte pour la chirurgie de l&#039;ob\u00e9sit\u00e9"},"content":{"rendered":"<p>\u00c0 la Clinique Zaren, nous nous effor\u00e7ons d\u2019\u00e9tablir une communication linguistique et culturelle avec les m\u00e9decins et tout autre personnel m\u00e9dical, et d\u2019assurer un \u00e9change d\u2019informations bidirectionnel entre les patients et le personnel m\u00e9dical.<\/p>","protected":false},"excerpt":{"rendered":"<p>\u00c0 la Clinique Zaren, nous nous effor\u00e7ons d\u2019\u00e9tablir une communication linguistique et culturelle avec les m\u00e9decins et tout autre personnel m\u00e9dical, et d\u2019assurer un \u00e9change d\u2019informations bidirectionnel entre les patients et le personnel m\u00e9dical.<\/p>","protected":false},"featured_media":284,"template":"","meta":[],"product_brand":[],"product_cat":[29],"product_tag":[],"class_list":{"0":"post-1900","1":"product","2":"type-product","3":"status-publish","4":"has-post-thumbnail","6":"product_cat-zaren-clinic","8":"first","9":"instock","10":"shipping-taxable","11":"purchasable","12":"product-type-variable"},"yoast_head":"<!-- This site is optimized with the Yoast SEO plugin v27.5 - https:\/\/yoast.com\/product\/yoast-seo-wordpress\/ -->\n<title>Obesity Surgery Deposit Payment - Payment - Payment Deposit System<\/title>\n<meta name=\"robots\" content=\"index, follow, max-snippet:-1, max-image-preview:large, max-video-preview:-1\" \/>\n<link rel=\"canonical\" href=\"http:\/\/www.pay.zarensoft.com\/fr\/produkt\/obesity-surgery-deposit-payment-41\/\" \/>\n<meta property=\"og:locale\" content=\"fr_FR\" \/>\n<meta property=\"og:type\" content=\"article\" \/>\n<meta property=\"og:title\" content=\"Obesity Surgery Deposit Payment - Payment - Payment Deposit System\" \/>\n<meta property=\"og:description\" content=\"At Zaren Clinic, we strive to establish linguistic and cultural communication with doctors and all other medical staff, and to ensure a two-way exchange of information between patients and medical staff.\" \/>\n<meta property=\"og:url\" content=\"http:\/\/www.pay.zarensoft.com\/fr\/produkt\/obesity-surgery-deposit-payment-41\/\" \/>\n<meta property=\"og:site_name\" content=\"Payment - Payment Deposit System\" \/>\n<meta property=\"og:image\" content=\"http:\/\/www.pay.zarensoft.com\/wp-content\/uploads\/2024\/11\/obezite.jpg\" \/>\n\t<meta property=\"og:image:width\" content=\"700\" \/>\n\t<meta property=\"og:image:height\" content=\"400\" \/>\n\t<meta property=\"og:image:type\" content=\"image\/jpeg\" \/>\n<meta name=\"twitter:card\" content=\"summary_large_image\" \/>\n<meta name=\"twitter:label1\" content=\"Dur\u00e9e de lecture estim\u00e9e\" \/>\n\t<meta name=\"twitter:data1\" content=\"1 minute\" \/>\n<script type=\"application\/ld+json\" class=\"yoast-schema-graph\">{\"@context\":\"https:\\\/\\\/schema.org\",\"@graph\":[{\"@type\":\"WebPage\",\"@id\":\"http:\\\/\\\/www.pay.zarensoft.com\\\/de\\\/produkt\\\/obesity-surgery-deposit-payment-41\\\/\",\"url\":\"http:\\\/\\\/www.pay.zarensoft.com\\\/de\\\/produkt\\\/obesity-surgery-deposit-payment-41\\\/\",\"name\":\"Obesity Surgery Deposit Payment - Payment - Payment Deposit System\",\"isPartOf\":{\"@id\":\"http:\\\/\\\/www.pay.zarensoft.com\\\/tr\\\/#website\"},\"primaryImageOfPage\":{\"@id\":\"http:\\\/\\\/www.pay.zarensoft.com\\\/de\\\/produkt\\\/obesity-surgery-deposit-payment-41\\\/#primaryimage\"},\"image\":{\"@id\":\"http:\\\/\\\/www.pay.zarensoft.com\\\/de\\\/produkt\\\/obesity-surgery-deposit-payment-41\\\/#primaryimage\"},\"thumbnailUrl\":\"http:\\\/\\\/www.pay.zarensoft.com\\\/wp-content\\\/uploads\\\/2024\\\/11\\\/obezite.jpg\",\"datePublished\":\"2024-11-11T12:32:13+00:00\",\"breadcrumb\":{\"@id\":\"http:\\\/\\\/www.pay.zarensoft.com\\\/de\\\/produkt\\\/obesity-surgery-deposit-payment-41\\\/#breadcrumb\"},\"inLanguage\":\"fr-FR\",\"potentialAction\":[{\"@type\":\"ReadAction\",\"target\":[\"http:\\\/\\\/www.pay.zarensoft.com\\\/de\\\/produkt\\\/obesity-surgery-deposit-payment-41\\\/\"]}]},{\"@type\":\"ImageObject\",\"inLanguage\":\"fr-FR\",\"@id\":\"http:\\\/\\\/www.pay.zarensoft.com\\\/de\\\/produkt\\\/obesity-surgery-deposit-payment-41\\\/#primaryimage\",\"url\":\"http:\\\/\\\/www.pay.zarensoft.com\\\/wp-content\\\/uploads\\\/2024\\\/11\\\/obezite.jpg\",\"contentUrl\":\"http:\\\/\\\/www.pay.zarensoft.com\\\/wp-content\\\/uploads\\\/2024\\\/11\\\/obezite.jpg\",\"width\":700,\"height\":400},{\"@type\":\"BreadcrumbList\",\"@id\":\"http:\\\/\\\/www.pay.zarensoft.com\\\/de\\\/produkt\\\/obesity-surgery-deposit-payment-41\\\/#breadcrumb\",\"itemListElement\":[{\"@type\":\"ListItem\",\"position\":1,\"name\":\"Anasayfa\",\"item\":\"http:\\\/\\\/www.pay.zarensoft.com\\\/tr\\\/\"},{\"@type\":\"ListItem\",\"position\":2,\"name\":\"Shop\",\"item\":\"http:\\\/\\\/www.pay.zarensoft.com\\\/tr\\\/shop\\\/\"},{\"@type\":\"ListItem\",\"position\":3,\"name\":\"Obesity Surgery Deposit Payment\"}]},{\"@type\":\"WebSite\",\"@id\":\"http:\\\/\\\/www.pay.zarensoft.com\\\/tr\\\/#website\",\"url\":\"http:\\\/\\\/www.pay.zarensoft.com\\\/tr\\\/\",\"name\":\"Payment - Payment Deposit System\",\"description\":\"Zaren Clinic\",\"publisher\":{\"@id\":\"http:\\\/\\\/www.pay.zarensoft.com\\\/tr\\\/#organization\"},\"potentialAction\":[{\"@type\":\"SearchAction\",\"target\":{\"@type\":\"EntryPoint\",\"urlTemplate\":\"http:\\\/\\\/www.pay.zarensoft.com\\\/tr\\\/?s={search_term_string}\"},\"query-input\":{\"@type\":\"PropertyValueSpecification\",\"valueRequired\":true,\"valueName\":\"search_term_string\"}}],\"inLanguage\":\"fr-FR\"},{\"@type\":\"Organization\",\"@id\":\"http:\\\/\\\/www.pay.zarensoft.com\\\/tr\\\/#organization\",\"name\":\"Payment - Payment Deposit System\",\"url\":\"http:\\\/\\\/www.pay.zarensoft.com\\\/tr\\\/\",\"logo\":{\"@type\":\"ImageObject\",\"inLanguage\":\"fr-FR\",\"@id\":\"http:\\\/\\\/www.pay.zarensoft.com\\\/tr\\\/#\\\/schema\\\/logo\\\/image\\\/\",\"url\":\"http:\\\/\\\/www.pay.zarensoft.com\\\/wp-content\\\/uploads\\\/2024\\\/11\\\/zaren-white-logo.webp\",\"contentUrl\":\"http:\\\/\\\/www.pay.zarensoft.com\\\/wp-content\\\/uploads\\\/2024\\\/11\\\/zaren-white-logo.webp\",\"width\":250,\"height\":35,\"caption\":\"Payment - Payment Deposit System\"},\"image\":{\"@id\":\"http:\\\/\\\/www.pay.zarensoft.com\\\/tr\\\/#\\\/schema\\\/logo\\\/image\\\/\"}}]}<\/script>\n<!-- \/ Yoast SEO plugin. -->","yoast_head_json":{"title":"Obesity Surgery Deposit Payment - Payment - Payment Deposit System","robots":{"index":"index","follow":"follow","max-snippet":"max-snippet:-1","max-image-preview":"max-image-preview:large","max-video-preview":"max-video-preview:-1"},"canonical":"http:\/\/www.pay.zarensoft.com\/fr\/produkt\/obesity-surgery-deposit-payment-41\/","og_locale":"fr_FR","og_type":"article","og_title":"Obesity Surgery Deposit Payment - Payment - Payment Deposit System","og_description":"At Zaren Clinic, we strive to establish linguistic and cultural communication with doctors and all other medical staff, and to ensure a two-way exchange of information between patients and medical staff.","og_url":"http:\/\/www.pay.zarensoft.com\/fr\/produkt\/obesity-surgery-deposit-payment-41\/","og_site_name":"Payment - Payment Deposit System","og_image":[{"width":700,"height":400,"url":"http:\/\/www.pay.zarensoft.com\/wp-content\/uploads\/2024\/11\/obezite.jpg","type":"image\/jpeg"}],"twitter_card":"summary_large_image","twitter_misc":{"Dur\u00e9e de lecture estim\u00e9e":"1 minute"},"schema":{"@context":"https:\/\/schema.org","@graph":[{"@type":"WebPage","@id":"http:\/\/www.pay.zarensoft.com\/de\/produkt\/obesity-surgery-deposit-payment-41\/","url":"http:\/\/www.pay.zarensoft.com\/de\/produkt\/obesity-surgery-deposit-payment-41\/","name":"Obesity Surgery Deposit Payment - Payment - Payment Deposit System","isPartOf":{"@id":"http:\/\/www.pay.zarensoft.com\/tr\/#website"},"primaryImageOfPage":{"@id":"http:\/\/www.pay.zarensoft.com\/de\/produkt\/obesity-surgery-deposit-payment-41\/#primaryimage"},"image":{"@id":"http:\/\/www.pay.zarensoft.com\/de\/produkt\/obesity-surgery-deposit-payment-41\/#primaryimage"},"thumbnailUrl":"http:\/\/www.pay.zarensoft.com\/wp-content\/uploads\/2024\/11\/obezite.jpg","datePublished":"2024-11-11T12:32:13+00:00","breadcrumb":{"@id":"http:\/\/www.pay.zarensoft.com\/de\/produkt\/obesity-surgery-deposit-payment-41\/#breadcrumb"},"inLanguage":"fr-FR","potentialAction":[{"@type":"ReadAction","target":["http:\/\/www.pay.zarensoft.com\/de\/produkt\/obesity-surgery-deposit-payment-41\/"]}]},{"@type":"ImageObject","inLanguage":"fr-FR","@id":"http:\/\/www.pay.zarensoft.com\/de\/produkt\/obesity-surgery-deposit-payment-41\/#primaryimage","url":"http:\/\/www.pay.zarensoft.com\/wp-content\/uploads\/2024\/11\/obezite.jpg","contentUrl":"http:\/\/www.pay.zarensoft.com\/wp-content\/uploads\/2024\/11\/obezite.jpg","width":700,"height":400},{"@type":"BreadcrumbList","@id":"http:\/\/www.pay.zarensoft.com\/de\/produkt\/obesity-surgery-deposit-payment-41\/#breadcrumb","itemListElement":[{"@type":"ListItem","position":1,"name":"Anasayfa","item":"http:\/\/www.pay.zarensoft.com\/tr\/"},{"@type":"ListItem","position":2,"name":"Shop","item":"http:\/\/www.pay.zarensoft.com\/tr\/shop\/"},{"@type":"ListItem","position":3,"name":"Obesity Surgery Deposit Payment"}]},{"@type":"WebSite","@id":"http:\/\/www.pay.zarensoft.com\/tr\/#website","url":"http:\/\/www.pay.zarensoft.com\/tr\/","name":"Payment - Payment Deposit System","description":"Clinique Zaren","publisher":{"@id":"http:\/\/www.pay.zarensoft.com\/tr\/#organization"},"potentialAction":[{"@type":"SearchAction","target":{"@type":"EntryPoint","urlTemplate":"http:\/\/www.pay.zarensoft.com\/tr\/?s={search_term_string}"},"query-input":{"@type":"PropertyValueSpecification","valueRequired":true,"valueName":"search_term_string"}}],"inLanguage":"fr-FR"},{"@type":"Organization","@id":"http:\/\/www.pay.zarensoft.com\/tr\/#organization","name":"Payment - Payment Deposit System","url":"http:\/\/www.pay.zarensoft.com\/tr\/","logo":{"@type":"ImageObject","inLanguage":"fr-FR","@id":"http:\/\/www.pay.zarensoft.com\/tr\/#\/schema\/logo\/image\/","url":"http:\/\/www.pay.zarensoft.com\/wp-content\/uploads\/2024\/11\/zaren-white-logo.webp","contentUrl":"http:\/\/www.pay.zarensoft.com\/wp-content\/uploads\/2024\/11\/zaren-white-logo.webp","width":250,"height":35,"caption":"Payment - Payment Deposit System"},"image":{"@id":"http:\/\/www.pay.zarensoft.com\/tr\/#\/schema\/logo\/image\/"}}]}},"_links":{"self":[{"href":"http:\/\/www.pay.zarensoft.com\/fr\/wp-json\/wp\/v2\/product\/1900","targetHints":{"allow":["GET"]}}],"collection":[{"href":"http:\/\/www.pay.zarensoft.com\/fr\/wp-json\/wp\/v2\/product"}],"about":[{"href":"http:\/\/www.pay.zarensoft.com\/fr\/wp-json\/wp\/v2\/types\/product"}],"wp:featuredmedia":[{"embeddable":true,"href":"http:\/\/www.pay.zarensoft.com\/fr\/wp-json\/wp\/v2\/media\/284"}],"wp:attachment":[{"href":"http:\/\/www.pay.zarensoft.com\/fr\/wp-json\/wp\/v2\/media?parent=1900"}],"wp:term":[{"taxonomy":"product_brand","embeddable":true,"href":"http:\/\/www.pay.zarensoft.com\/fr\/wp-json\/wp\/v2\/product_brand?post=1900"},{"taxonomy":"product_cat","embeddable":true,"href":"http:\/\/www.pay.zarensoft.com\/fr\/wp-json\/wp\/v2\/product_cat?post=1900"},{"taxonomy":"product_tag","embeddable":true,"href":"http:\/\/www.pay.zarensoft.com\/fr\/wp-json\/wp\/v2\/product_tag?post=1900"}],"curies":[{"name":"wp","href":"https:\/\/api.w.org\/{rel}","templated":true}]}}