{"id":4008,"date":"2024-11-11T15:26:34","date_gmt":"2024-11-11T12:26:34","guid":{"rendered":"https:\/\/www.pay.zarensoft.com\/?post_type=product&#038;p=4008"},"modified":"2024-11-11T15:27:18","modified_gmt":"2024-11-11T12:27:18","slug":"hair-transplant-deposit-payment-10","status":"publish","type":"product","link":"http:\/\/www.pay.zarensoft.com\/tr\/urun\/hair-transplant-deposit-payment-10\/","title":{"rendered":"Sa\u00e7 Ekimi Depozito \u00d6demesi"},"content":{"rendered":"<p>Zaren Klinik olarak, hekimler ve di\u011fer t\u00fcm sa\u011fl\u0131k personeliyle dilsel ve k\u00fclt\u00fcrel ileti\u015fim kurmay\u0131 ve hastalar ile sa\u011fl\u0131k personeli aras\u0131nda kar\u015f\u0131l\u0131kl\u0131 bilgi al\u0131\u015fveri\u015fini sa\u011flamay\u0131 ama\u00e7l\u0131yoruz.<\/p>","protected":false},"excerpt":{"rendered":"<p>Zaren Klinik olarak, hekimler ve di\u011fer t\u00fcm sa\u011fl\u0131k personeliyle dilsel ve k\u00fclt\u00fcrel ileti\u015fim kurmay\u0131 ve hastalar ile sa\u011fl\u0131k personeli aras\u0131nda kar\u015f\u0131l\u0131kl\u0131 bilgi al\u0131\u015fveri\u015fini sa\u011flamay\u0131 ama\u00e7l\u0131yoruz.<\/p>","protected":false},"featured_media":293,"template":"","meta":[],"product_brand":[],"product_cat":[29],"product_tag":[],"class_list":{"0":"post-4008","1":"product","2":"type-product","3":"status-publish","4":"has-post-thumbnail","6":"product_cat-zaren-clinic","8":"first","9":"instock","10":"shipping-taxable","11":"purchasable","12":"product-type-variable"},"yoast_head":"<!-- This site is optimized with the Yoast SEO plugin v27.5 - https:\/\/yoast.com\/product\/yoast-seo-wordpress\/ -->\n<title>Hair Transplant Deposit Payment - Payment - Payment Deposit System<\/title>\n<meta name=\"robots\" content=\"index, follow, max-snippet:-1, max-image-preview:large, max-video-preview:-1\" \/>\n<link rel=\"canonical\" href=\"http:\/\/www.pay.zarensoft.com\/tr\/produkt\/hair-transplant-deposit-payment-10\/\" \/>\n<meta property=\"og:locale\" content=\"tr_TR\" \/>\n<meta property=\"og:type\" content=\"article\" \/>\n<meta property=\"og:title\" content=\"Hair Transplant Deposit Payment - Payment - Payment Deposit System\" \/>\n<meta property=\"og:description\" content=\"At Zaren Clinic, we strive to establish linguistic and cultural communication with doctors and all other medical staff, and to ensure a two-way exchange of information between patients and medical staff.\" \/>\n<meta property=\"og:url\" content=\"http:\/\/www.pay.zarensoft.com\/tr\/produkt\/hair-transplant-deposit-payment-10\/\" \/>\n<meta property=\"og:site_name\" content=\"Payment - Payment Deposit System\" \/>\n<meta property=\"article:modified_time\" content=\"2024-11-11T12:27:18+00:00\" \/>\n<meta property=\"og:image\" content=\"http:\/\/www.pay.zarensoft.com\/wp-content\/uploads\/2024\/11\/sac3.webp\" \/>\n\t<meta property=\"og:image:width\" content=\"700\" \/>\n\t<meta property=\"og:image:height\" content=\"400\" \/>\n\t<meta property=\"og:image:type\" content=\"image\/webp\" \/>\n<meta name=\"twitter:card\" content=\"summary_large_image\" \/>\n<meta name=\"twitter:label1\" content=\"Tahmini okuma s\u00fcresi\" \/>\n\t<meta name=\"twitter:data1\" content=\"1 dakika\" \/>\n<script type=\"application\/ld+json\" class=\"yoast-schema-graph\">{\"@context\":\"https:\\\/\\\/schema.org\",\"@graph\":[{\"@type\":\"WebPage\",\"@id\":\"http:\\\/\\\/www.pay.zarensoft.com\\\/de\\\/produkt\\\/hair-transplant-deposit-payment-10\\\/\",\"url\":\"http:\\\/\\\/www.pay.zarensoft.com\\\/de\\\/produkt\\\/hair-transplant-deposit-payment-10\\\/\",\"name\":\"Hair Transplant Deposit Payment - Payment - Payment Deposit System\",\"isPartOf\":{\"@id\":\"http:\\\/\\\/www.pay.zarensoft.com\\\/tr\\\/#website\"},\"primaryImageOfPage\":{\"@id\":\"http:\\\/\\\/www.pay.zarensoft.com\\\/de\\\/produkt\\\/hair-transplant-deposit-payment-10\\\/#primaryimage\"},\"image\":{\"@id\":\"http:\\\/\\\/www.pay.zarensoft.com\\\/de\\\/produkt\\\/hair-transplant-deposit-payment-10\\\/#primaryimage\"},\"thumbnailUrl\":\"http:\\\/\\\/www.pay.zarensoft.com\\\/wp-content\\\/uploads\\\/2024\\\/11\\\/sac3.webp\",\"datePublished\":\"2024-11-11T12:26:34+00:00\",\"dateModified\":\"2024-11-11T12:27:18+00:00\",\"breadcrumb\":{\"@id\":\"http:\\\/\\\/www.pay.zarensoft.com\\\/de\\\/produkt\\\/hair-transplant-deposit-payment-10\\\/#breadcrumb\"},\"inLanguage\":\"tr\",\"potentialAction\":[{\"@type\":\"ReadAction\",\"target\":[\"http:\\\/\\\/www.pay.zarensoft.com\\\/de\\\/produkt\\\/hair-transplant-deposit-payment-10\\\/\"]}]},{\"@type\":\"ImageObject\",\"inLanguage\":\"tr\",\"@id\":\"http:\\\/\\\/www.pay.zarensoft.com\\\/de\\\/produkt\\\/hair-transplant-deposit-payment-10\\\/#primaryimage\",\"url\":\"http:\\\/\\\/www.pay.zarensoft.com\\\/wp-content\\\/uploads\\\/2024\\\/11\\\/sac3.webp\",\"contentUrl\":\"http:\\\/\\\/www.pay.zarensoft.com\\\/wp-content\\\/uploads\\\/2024\\\/11\\\/sac3.webp\",\"width\":700,\"height\":400},{\"@type\":\"BreadcrumbList\",\"@id\":\"http:\\\/\\\/www.pay.zarensoft.com\\\/de\\\/produkt\\\/hair-transplant-deposit-payment-10\\\/#breadcrumb\",\"itemListElement\":[{\"@type\":\"ListItem\",\"position\":1,\"name\":\"Anasayfa\",\"item\":\"http:\\\/\\\/www.pay.zarensoft.com\\\/tr\\\/\"},{\"@type\":\"ListItem\",\"position\":2,\"name\":\"Shop\",\"item\":\"http:\\\/\\\/www.pay.zarensoft.com\\\/tr\\\/shop\\\/\"},{\"@type\":\"ListItem\",\"position\":3,\"name\":\"Hair Transplant Deposit Payment\"}]},{\"@type\":\"WebSite\",\"@id\":\"http:\\\/\\\/www.pay.zarensoft.com\\\/tr\\\/#website\",\"url\":\"http:\\\/\\\/www.pay.zarensoft.com\\\/tr\\\/\",\"name\":\"Payment - Payment Deposit System\",\"description\":\"Zaren Clinic\",\"publisher\":{\"@id\":\"http:\\\/\\\/www.pay.zarensoft.com\\\/tr\\\/#organization\"},\"potentialAction\":[{\"@type\":\"SearchAction\",\"target\":{\"@type\":\"EntryPoint\",\"urlTemplate\":\"http:\\\/\\\/www.pay.zarensoft.com\\\/tr\\\/?s={search_term_string}\"},\"query-input\":{\"@type\":\"PropertyValueSpecification\",\"valueRequired\":true,\"valueName\":\"search_term_string\"}}],\"inLanguage\":\"tr\"},{\"@type\":\"Organization\",\"@id\":\"http:\\\/\\\/www.pay.zarensoft.com\\\/tr\\\/#organization\",\"name\":\"Payment - Payment Deposit System\",\"url\":\"http:\\\/\\\/www.pay.zarensoft.com\\\/tr\\\/\",\"logo\":{\"@type\":\"ImageObject\",\"inLanguage\":\"tr\",\"@id\":\"http:\\\/\\\/www.pay.zarensoft.com\\\/tr\\\/#\\\/schema\\\/logo\\\/image\\\/\",\"url\":\"http:\\\/\\\/www.pay.zarensoft.com\\\/wp-content\\\/uploads\\\/2024\\\/11\\\/zaren-white-logo.webp\",\"contentUrl\":\"http:\\\/\\\/www.pay.zarensoft.com\\\/wp-content\\\/uploads\\\/2024\\\/11\\\/zaren-white-logo.webp\",\"width\":250,\"height\":35,\"caption\":\"Payment - Payment Deposit System\"},\"image\":{\"@id\":\"http:\\\/\\\/www.pay.zarensoft.com\\\/tr\\\/#\\\/schema\\\/logo\\\/image\\\/\"}}]}<\/script>\n<!-- \/ Yoast SEO plugin. -->","yoast_head_json":{"title":"Hair Transplant Deposit Payment - Payment - Payment Deposit System","robots":{"index":"index","follow":"follow","max-snippet":"max-snippet:-1","max-image-preview":"max-image-preview:large","max-video-preview":"max-video-preview:-1"},"canonical":"http:\/\/www.pay.zarensoft.com\/tr\/produkt\/hair-transplant-deposit-payment-10\/","og_locale":"tr_TR","og_type":"article","og_title":"Hair Transplant Deposit Payment - Payment - Payment Deposit System","og_description":"At Zaren Clinic, we strive to establish linguistic and cultural communication with doctors and all other medical staff, and to ensure a two-way exchange of information between patients and medical staff.","og_url":"http:\/\/www.pay.zarensoft.com\/tr\/produkt\/hair-transplant-deposit-payment-10\/","og_site_name":"Payment - Payment Deposit System","article_modified_time":"2024-11-11T12:27:18+00:00","og_image":[{"width":700,"height":400,"url":"http:\/\/www.pay.zarensoft.com\/wp-content\/uploads\/2024\/11\/sac3.webp","type":"image\/webp"}],"twitter_card":"summary_large_image","twitter_misc":{"Tahmini okuma s\u00fcresi":"1 dakika"},"schema":{"@context":"https:\/\/schema.org","@graph":[{"@type":"WebPage","@id":"http:\/\/www.pay.zarensoft.com\/de\/produkt\/hair-transplant-deposit-payment-10\/","url":"http:\/\/www.pay.zarensoft.com\/de\/produkt\/hair-transplant-deposit-payment-10\/","name":"Hair Transplant Deposit Payment - Payment - Payment Deposit System","isPartOf":{"@id":"http:\/\/www.pay.zarensoft.com\/tr\/#website"},"primaryImageOfPage":{"@id":"http:\/\/www.pay.zarensoft.com\/de\/produkt\/hair-transplant-deposit-payment-10\/#primaryimage"},"image":{"@id":"http:\/\/www.pay.zarensoft.com\/de\/produkt\/hair-transplant-deposit-payment-10\/#primaryimage"},"thumbnailUrl":"http:\/\/www.pay.zarensoft.com\/wp-content\/uploads\/2024\/11\/sac3.webp","datePublished":"2024-11-11T12:26:34+00:00","dateModified":"2024-11-11T12:27:18+00:00","breadcrumb":{"@id":"http:\/\/www.pay.zarensoft.com\/de\/produkt\/hair-transplant-deposit-payment-10\/#breadcrumb"},"inLanguage":"tr","potentialAction":[{"@type":"ReadAction","target":["http:\/\/www.pay.zarensoft.com\/de\/produkt\/hair-transplant-deposit-payment-10\/"]}]},{"@type":"ImageObject","inLanguage":"tr","@id":"http:\/\/www.pay.zarensoft.com\/de\/produkt\/hair-transplant-deposit-payment-10\/#primaryimage","url":"http:\/\/www.pay.zarensoft.com\/wp-content\/uploads\/2024\/11\/sac3.webp","contentUrl":"http:\/\/www.pay.zarensoft.com\/wp-content\/uploads\/2024\/11\/sac3.webp","width":700,"height":400},{"@type":"BreadcrumbList","@id":"http:\/\/www.pay.zarensoft.com\/de\/produkt\/hair-transplant-deposit-payment-10\/#breadcrumb","itemListElement":[{"@type":"ListItem","position":1,"name":"Anasayfa","item":"http:\/\/www.pay.zarensoft.com\/tr\/"},{"@type":"ListItem","position":2,"name":"Shop","item":"http:\/\/www.pay.zarensoft.com\/tr\/shop\/"},{"@type":"ListItem","position":3,"name":"Hair Transplant Deposit Payment"}]},{"@type":"WebSite","@id":"http:\/\/www.pay.zarensoft.com\/tr\/#website","url":"http:\/\/www.pay.zarensoft.com\/tr\/","name":"Payment - Payment Deposit System","description":"Zaren Clinic","publisher":{"@id":"http:\/\/www.pay.zarensoft.com\/tr\/#organization"},"potentialAction":[{"@type":"SearchAction","target":{"@type":"EntryPoint","urlTemplate":"http:\/\/www.pay.zarensoft.com\/tr\/?s={search_term_string}"},"query-input":{"@type":"PropertyValueSpecification","valueRequired":true,"valueName":"search_term_string"}}],"inLanguage":"tr"},{"@type":"Organization","@id":"http:\/\/www.pay.zarensoft.com\/tr\/#organization","name":"Payment - Payment Deposit System","url":"http:\/\/www.pay.zarensoft.com\/tr\/","logo":{"@type":"ImageObject","inLanguage":"tr","@id":"http:\/\/www.pay.zarensoft.com\/tr\/#\/schema\/logo\/image\/","url":"http:\/\/www.pay.zarensoft.com\/wp-content\/uploads\/2024\/11\/zaren-white-logo.webp","contentUrl":"http:\/\/www.pay.zarensoft.com\/wp-content\/uploads\/2024\/11\/zaren-white-logo.webp","width":250,"height":35,"caption":"Payment - Payment Deposit System"},"image":{"@id":"http:\/\/www.pay.zarensoft.com\/tr\/#\/schema\/logo\/image\/"}}]}},"_links":{"self":[{"href":"http:\/\/www.pay.zarensoft.com\/tr\/wp-json\/wp\/v2\/product\/4008","targetHints":{"allow":["GET"]}}],"collection":[{"href":"http:\/\/www.pay.zarensoft.com\/tr\/wp-json\/wp\/v2\/product"}],"about":[{"href":"http:\/\/www.pay.zarensoft.com\/tr\/wp-json\/wp\/v2\/types\/product"}],"wp:featuredmedia":[{"embeddable":true,"href":"http:\/\/www.pay.zarensoft.com\/tr\/wp-json\/wp\/v2\/media\/293"}],"wp:attachment":[{"href":"http:\/\/www.pay.zarensoft.com\/tr\/wp-json\/wp\/v2\/media?parent=4008"}],"wp:term":[{"taxonomy":"product_brand","embeddable":true,"href":"http:\/\/www.pay.zarensoft.com\/tr\/wp-json\/wp\/v2\/product_brand?post=4008"},{"taxonomy":"product_cat","embeddable":true,"href":"http:\/\/www.pay.zarensoft.com\/tr\/wp-json\/wp\/v2\/product_cat?post=4008"},{"taxonomy":"product_tag","embeddable":true,"href":"http:\/\/www.pay.zarensoft.com\/tr\/wp-json\/wp\/v2\/product_tag?post=4008"}],"curies":[{"name":"wp","href":"https:\/\/api.w.org\/{rel}","templated":true}]}}