{"id":3890,"date":"2024-11-11T15:26:38","date_gmt":"2024-11-11T12:26:38","guid":{"rendered":"https:\/\/www.pay.zarensoft.com\/?post_type=product&#038;p=3890"},"modified":"2024-11-11T15:27:21","modified_gmt":"2024-11-11T12:27:21","slug":"plastic-surgery-deposit-payment-12","status":"publish","type":"product","link":"https:\/\/www.pay.zarensoft.com\/ro\/produs\/plastic-surgery-deposit-payment-12\/","title":{"rendered":"Plata Depozit Chirurgie Plastica"},"content":{"rendered":"<p>La Clinica Zaren, ne str\u0103duim s\u0103 stabilim o comunicare lingvistic\u0103 \u0219i cultural\u0103 cu medicii \u0219i cu restul personalului medical \u0219i s\u0103 asigur\u0103m un schimb bidirec\u021bional de informa\u021bii \u00eentre pacien\u021bi \u0219i personalul medical.<\/p>","protected":false},"excerpt":{"rendered":"<p>La Clinica Zaren, ne str\u0103duim s\u0103 stabilim o comunicare lingvistic\u0103 \u0219i cultural\u0103 cu medicii \u0219i cu restul personalului medical \u0219i s\u0103 asigur\u0103m un schimb bidirec\u021bional de informa\u021bii \u00eentre pacien\u021bi \u0219i personalul medical.<\/p>","protected":false},"featured_media":275,"template":"","meta":[],"product_brand":[],"product_cat":[29],"product_tag":[],"class_list":{"0":"post-3890","1":"product","2":"type-product","3":"status-publish","4":"has-post-thumbnail","6":"product_cat-zaren-clinic","8":"first","9":"instock","10":"shipping-taxable","11":"purchasable","12":"product-type-variable"},"yoast_head":"<!-- This site is optimized with the Yoast SEO plugin v27.5 - https:\/\/yoast.com\/product\/yoast-seo-wordpress\/ -->\n<title>Plastic Surgery Deposit Payment - Payment - Payment Deposit System<\/title>\n<meta name=\"robots\" content=\"index, follow, max-snippet:-1, max-image-preview:large, max-video-preview:-1\" \/>\n<link rel=\"canonical\" href=\"http:\/\/www.pay.zarensoft.com\/ro\/urun\/plastic-surgery-deposit-payment-12\/\" \/>\n<meta property=\"og:locale\" content=\"ro_RO\" \/>\n<meta property=\"og:type\" content=\"article\" \/>\n<meta property=\"og:title\" content=\"Plastic Surgery Deposit Payment - Payment - Payment Deposit System\" \/>\n<meta property=\"og:description\" content=\"At Zaren Clinic, we strive to establish linguistic and cultural communication with doctors and all other medical staff, and to ensure a two-way exchange of information between patients and medical staff.\" \/>\n<meta property=\"og:url\" content=\"http:\/\/www.pay.zarensoft.com\/ro\/urun\/plastic-surgery-deposit-payment-12\/\" \/>\n<meta property=\"og:site_name\" content=\"Payment - Payment Deposit System\" \/>\n<meta property=\"article:modified_time\" content=\"2024-11-11T12:27:21+00:00\" \/>\n<meta property=\"og:image\" content=\"http:\/\/www.pay.zarensoft.com\/wp-content\/uploads\/2024\/11\/estetik_pay_final.webp\" \/>\n\t<meta property=\"og:image:width\" content=\"700\" \/>\n\t<meta property=\"og:image:height\" content=\"400\" \/>\n\t<meta property=\"og:image:type\" content=\"image\/webp\" \/>\n<meta name=\"twitter:card\" content=\"summary_large_image\" \/>\n<meta name=\"twitter:label1\" content=\"Timp estimat pentru citire\" \/>\n\t<meta name=\"twitter:data1\" content=\"1 minut\" \/>\n<script type=\"application\/ld+json\" class=\"yoast-schema-graph\">{\"@context\":\"https:\\\/\\\/schema.org\",\"@graph\":[{\"@type\":\"WebPage\",\"@id\":\"http:\\\/\\\/www.pay.zarensoft.com\\\/tr\\\/urun\\\/plastic-surgery-deposit-payment-12\\\/\",\"url\":\"http:\\\/\\\/www.pay.zarensoft.com\\\/tr\\\/urun\\\/plastic-surgery-deposit-payment-12\\\/\",\"name\":\"Plastic Surgery Deposit Payment - Payment - Payment Deposit System\",\"isPartOf\":{\"@id\":\"http:\\\/\\\/www.pay.zarensoft.com\\\/tr\\\/#website\"},\"primaryImageOfPage\":{\"@id\":\"http:\\\/\\\/www.pay.zarensoft.com\\\/tr\\\/urun\\\/plastic-surgery-deposit-payment-12\\\/#primaryimage\"},\"image\":{\"@id\":\"http:\\\/\\\/www.pay.zarensoft.com\\\/tr\\\/urun\\\/plastic-surgery-deposit-payment-12\\\/#primaryimage\"},\"thumbnailUrl\":\"https:\\\/\\\/www.pay.zarensoft.com\\\/wp-content\\\/uploads\\\/2024\\\/11\\\/estetik_pay_final.webp\",\"datePublished\":\"2024-11-11T12:26:38+00:00\",\"dateModified\":\"2024-11-11T12:27:21+00:00\",\"breadcrumb\":{\"@id\":\"http:\\\/\\\/www.pay.zarensoft.com\\\/tr\\\/urun\\\/plastic-surgery-deposit-payment-12\\\/#breadcrumb\"},\"inLanguage\":\"ro-RO\",\"potentialAction\":[{\"@type\":\"ReadAction\",\"target\":[\"http:\\\/\\\/www.pay.zarensoft.com\\\/tr\\\/urun\\\/plastic-surgery-deposit-payment-12\\\/\"]}]},{\"@type\":\"ImageObject\",\"inLanguage\":\"ro-RO\",\"@id\":\"http:\\\/\\\/www.pay.zarensoft.com\\\/tr\\\/urun\\\/plastic-surgery-deposit-payment-12\\\/#primaryimage\",\"url\":\"https:\\\/\\\/www.pay.zarensoft.com\\\/wp-content\\\/uploads\\\/2024\\\/11\\\/estetik_pay_final.webp\",\"contentUrl\":\"https:\\\/\\\/www.pay.zarensoft.com\\\/wp-content\\\/uploads\\\/2024\\\/11\\\/estetik_pay_final.webp\",\"width\":700,\"height\":400},{\"@type\":\"BreadcrumbList\",\"@id\":\"http:\\\/\\\/www.pay.zarensoft.com\\\/tr\\\/urun\\\/plastic-surgery-deposit-payment-12\\\/#breadcrumb\",\"itemListElement\":[{\"@type\":\"ListItem\",\"position\":1,\"name\":\"Anasayfa\",\"item\":\"http:\\\/\\\/www.pay.zarensoft.com\\\/tr\\\/\"},{\"@type\":\"ListItem\",\"position\":2,\"name\":\"Shop\",\"item\":\"http:\\\/\\\/www.pay.zarensoft.com\\\/tr\\\/shop\\\/\"},{\"@type\":\"ListItem\",\"position\":3,\"name\":\"Plastic Surgery Deposit Payment\"}]},{\"@type\":\"WebSite\",\"@id\":\"http:\\\/\\\/www.pay.zarensoft.com\\\/tr\\\/#website\",\"url\":\"http:\\\/\\\/www.pay.zarensoft.com\\\/tr\\\/\",\"name\":\"Payment - Payment Deposit System\",\"description\":\"Zaren Clinic\",\"publisher\":{\"@id\":\"http:\\\/\\\/www.pay.zarensoft.com\\\/tr\\\/#organization\"},\"potentialAction\":[{\"@type\":\"SearchAction\",\"target\":{\"@type\":\"EntryPoint\",\"urlTemplate\":\"http:\\\/\\\/www.pay.zarensoft.com\\\/tr\\\/?s={search_term_string}\"},\"query-input\":{\"@type\":\"PropertyValueSpecification\",\"valueRequired\":true,\"valueName\":\"search_term_string\"}}],\"inLanguage\":\"ro-RO\"},{\"@type\":\"Organization\",\"@id\":\"http:\\\/\\\/www.pay.zarensoft.com\\\/tr\\\/#organization\",\"name\":\"Payment - Payment Deposit System\",\"url\":\"http:\\\/\\\/www.pay.zarensoft.com\\\/tr\\\/\",\"logo\":{\"@type\":\"ImageObject\",\"inLanguage\":\"ro-RO\",\"@id\":\"http:\\\/\\\/www.pay.zarensoft.com\\\/tr\\\/#\\\/schema\\\/logo\\\/image\\\/\",\"url\":\"http:\\\/\\\/www.pay.zarensoft.com\\\/wp-content\\\/uploads\\\/2024\\\/11\\\/zaren-white-logo.webp\",\"contentUrl\":\"http:\\\/\\\/www.pay.zarensoft.com\\\/wp-content\\\/uploads\\\/2024\\\/11\\\/zaren-white-logo.webp\",\"width\":250,\"height\":35,\"caption\":\"Payment - Payment Deposit System\"},\"image\":{\"@id\":\"http:\\\/\\\/www.pay.zarensoft.com\\\/tr\\\/#\\\/schema\\\/logo\\\/image\\\/\"}}]}<\/script>\n<!-- \/ Yoast SEO plugin. -->","yoast_head_json":{"title":"Plastic Surgery Deposit Payment - Payment - Payment Deposit System","robots":{"index":"index","follow":"follow","max-snippet":"max-snippet:-1","max-image-preview":"max-image-preview:large","max-video-preview":"max-video-preview:-1"},"canonical":"http:\/\/www.pay.zarensoft.com\/ro\/urun\/plastic-surgery-deposit-payment-12\/","og_locale":"ro_RO","og_type":"article","og_title":"Plastic Surgery Deposit Payment - Payment - Payment Deposit System","og_description":"At Zaren Clinic, we strive to establish linguistic and cultural communication with doctors and all other medical staff, and to ensure a two-way exchange of information between patients and medical staff.","og_url":"http:\/\/www.pay.zarensoft.com\/ro\/urun\/plastic-surgery-deposit-payment-12\/","og_site_name":"Payment - Payment Deposit System","article_modified_time":"2024-11-11T12:27:21+00:00","og_image":[{"width":700,"height":400,"url":"http:\/\/www.pay.zarensoft.com\/wp-content\/uploads\/2024\/11\/estetik_pay_final.webp","type":"image\/webp"}],"twitter_card":"summary_large_image","twitter_misc":{"Timp estimat pentru citire":"1 minut"},"schema":{"@context":"https:\/\/schema.org","@graph":[{"@type":"WebPage","@id":"http:\/\/www.pay.zarensoft.com\/tr\/urun\/plastic-surgery-deposit-payment-12\/","url":"http:\/\/www.pay.zarensoft.com\/tr\/urun\/plastic-surgery-deposit-payment-12\/","name":"Plastic Surgery Deposit Payment - Payment - Payment Deposit System","isPartOf":{"@id":"http:\/\/www.pay.zarensoft.com\/tr\/#website"},"primaryImageOfPage":{"@id":"http:\/\/www.pay.zarensoft.com\/tr\/urun\/plastic-surgery-deposit-payment-12\/#primaryimage"},"image":{"@id":"http:\/\/www.pay.zarensoft.com\/tr\/urun\/plastic-surgery-deposit-payment-12\/#primaryimage"},"thumbnailUrl":"https:\/\/www.pay.zarensoft.com\/wp-content\/uploads\/2024\/11\/estetik_pay_final.webp","datePublished":"2024-11-11T12:26:38+00:00","dateModified":"2024-11-11T12:27:21+00:00","breadcrumb":{"@id":"http:\/\/www.pay.zarensoft.com\/tr\/urun\/plastic-surgery-deposit-payment-12\/#breadcrumb"},"inLanguage":"ro-RO","potentialAction":[{"@type":"ReadAction","target":["http:\/\/www.pay.zarensoft.com\/tr\/urun\/plastic-surgery-deposit-payment-12\/"]}]},{"@type":"ImageObject","inLanguage":"ro-RO","@id":"http:\/\/www.pay.zarensoft.com\/tr\/urun\/plastic-surgery-deposit-payment-12\/#primaryimage","url":"https:\/\/www.pay.zarensoft.com\/wp-content\/uploads\/2024\/11\/estetik_pay_final.webp","contentUrl":"https:\/\/www.pay.zarensoft.com\/wp-content\/uploads\/2024\/11\/estetik_pay_final.webp","width":700,"height":400},{"@type":"BreadcrumbList","@id":"http:\/\/www.pay.zarensoft.com\/tr\/urun\/plastic-surgery-deposit-payment-12\/#breadcrumb","itemListElement":[{"@type":"ListItem","position":1,"name":"Anasayfa","item":"http:\/\/www.pay.zarensoft.com\/tr\/"},{"@type":"ListItem","position":2,"name":"Shop","item":"http:\/\/www.pay.zarensoft.com\/tr\/shop\/"},{"@type":"ListItem","position":3,"name":"Plastic Surgery Deposit Payment"}]},{"@type":"WebSite","@id":"http:\/\/www.pay.zarensoft.com\/tr\/#website","url":"http:\/\/www.pay.zarensoft.com\/tr\/","name":"Payment - Payment Deposit System","description":"Clinica Zaren","publisher":{"@id":"http:\/\/www.pay.zarensoft.com\/tr\/#organization"},"potentialAction":[{"@type":"SearchAction","target":{"@type":"EntryPoint","urlTemplate":"http:\/\/www.pay.zarensoft.com\/tr\/?s={search_term_string}"},"query-input":{"@type":"PropertyValueSpecification","valueRequired":true,"valueName":"search_term_string"}}],"inLanguage":"ro-RO"},{"@type":"Organization","@id":"http:\/\/www.pay.zarensoft.com\/tr\/#organization","name":"Payment - Payment Deposit System","url":"http:\/\/www.pay.zarensoft.com\/tr\/","logo":{"@type":"ImageObject","inLanguage":"ro-RO","@id":"http:\/\/www.pay.zarensoft.com\/tr\/#\/schema\/logo\/image\/","url":"http:\/\/www.pay.zarensoft.com\/wp-content\/uploads\/2024\/11\/zaren-white-logo.webp","contentUrl":"http:\/\/www.pay.zarensoft.com\/wp-content\/uploads\/2024\/11\/zaren-white-logo.webp","width":250,"height":35,"caption":"Payment - Payment Deposit System"},"image":{"@id":"http:\/\/www.pay.zarensoft.com\/tr\/#\/schema\/logo\/image\/"}}]}},"_links":{"self":[{"href":"https:\/\/www.pay.zarensoft.com\/ro\/wp-json\/wp\/v2\/product\/3890","targetHints":{"allow":["GET"]}}],"collection":[{"href":"https:\/\/www.pay.zarensoft.com\/ro\/wp-json\/wp\/v2\/product"}],"about":[{"href":"https:\/\/www.pay.zarensoft.com\/ro\/wp-json\/wp\/v2\/types\/product"}],"wp:featuredmedia":[{"embeddable":true,"href":"https:\/\/www.pay.zarensoft.com\/ro\/wp-json\/wp\/v2\/media\/275"}],"wp:attachment":[{"href":"https:\/\/www.pay.zarensoft.com\/ro\/wp-json\/wp\/v2\/media?parent=3890"}],"wp:term":[{"taxonomy":"product_brand","embeddable":true,"href":"https:\/\/www.pay.zarensoft.com\/ro\/wp-json\/wp\/v2\/product_brand?post=3890"},{"taxonomy":"product_cat","embeddable":true,"href":"https:\/\/www.pay.zarensoft.com\/ro\/wp-json\/wp\/v2\/product_cat?post=3890"},{"taxonomy":"product_tag","embeddable":true,"href":"https:\/\/www.pay.zarensoft.com\/ro\/wp-json\/wp\/v2\/product_tag?post=3890"}],"curies":[{"name":"wp","href":"https:\/\/api.w.org\/{rel}","templated":true}]}}